{"id":49353,"date":"2026-02-06T00:07:04","date_gmt":"2026-02-05T23:07:04","guid":{"rendered":"https:\/\/cazaworld.com\/venta-de-entradas-cinegetica\/?post_type=product&#038;p=49353"},"modified":"2026-03-22T12:42:20","modified_gmt":"2026-03-22T11:42:20","slug":"entradas-cinegetica-2026","status":"publish","type":"product","link":"https:\/\/cazaworld.com\/venta-de-entradas-cinegetica\/entradas\/entradas-cinegetica-2026\/","title":{"rendered":"Entradas Cineg\u00e9tica 2026"},"content":{"rendered":"<p>Entrada general para Cineg\u00e9tica + SCI 2026 <em>Unidos por la conservaci\u00f3n.\u00a0<\/em><\/p>\n<p>19, 20, 21 y 22 de marzo de 2026 en el pabell\u00f3n 4 de IFEMA.<\/p>\n<p>La entrada permite el acceso a 1 persona durante 1 d\u00eda del certamen.<\/p>\n","protected":false},"excerpt":{"rendered":"<p>Entrada general para Cineg\u00e9tica + SCI 2026 Unidos por la conservaci\u00f3n.\u00a0 19, 20, 21 y 22 de marzo de 2026 en el pabell\u00f3n 4 de IFEMA. La entrada permite el acceso a 1 persona durante 1 d\u00eda del certamen.<\/p>\n","protected":false},"featured_media":49359,"template":"","meta":[],"product_brand":[],"product_cat":[15],"product_tag":[],"class_list":{"0":"post-49353","1":"product","2":"type-product","3":"status-publish","4":"has-post-thumbnail","6":"product_cat-sin-categorizar","7":"sales-flash-overlay","8":"woocommerce-text-align-center","9":"woocommerce-image-align-center","10":"do-quantity-buttons","12":"first","13":"outofstock","14":"sale","15":"taxable","16":"shipping-taxable","17":"purchasable","18":"product-type-simple"},"yoast_head":"<!-- This site is optimized with the Yoast SEO plugin v26.8 - https:\/\/yoast.com\/product\/yoast-seo-wordpress\/ -->\n<title>Entradas Cineg\u00e9tica 2026 - Venta de entradas Cineg\u00e9tica<\/title>\n<meta name=\"robots\" content=\"index, follow, max-snippet:-1, max-image-preview:large, max-video-preview:-1\" \/>\n<link rel=\"canonical\" href=\"https:\/\/cazaworld.com\/venta-de-entradas-cinegetica\/entradas\/entradas-cinegetica-2026\/\" \/>\n<meta property=\"og:locale\" content=\"es_ES\" \/>\n<meta property=\"og:type\" content=\"article\" \/>\n<meta property=\"og:title\" content=\"Entradas Cineg\u00e9tica 2026 - Venta de entradas Cineg\u00e9tica\" \/>\n<meta property=\"og:description\" content=\"Entrada general para Cineg\u00e9tica + SCI 2026 Unidos por la conservaci\u00f3n.\u00a0 19, 20, 21 y 22 de marzo de 2026 en el pabell\u00f3n 4 de IFEMA. La entrada permite el acceso a 1 persona durante 1 d\u00eda del certamen.\" \/>\n<meta property=\"og:url\" content=\"https:\/\/cazaworld.com\/venta-de-entradas-cinegetica\/entradas\/entradas-cinegetica-2026\/\" \/>\n<meta property=\"og:site_name\" content=\"Venta de entradas Cineg\u00e9tica\" \/>\n<meta property=\"article:publisher\" content=\"https:\/\/www.facebook.com\/cazaworld\" \/>\n<meta property=\"article:modified_time\" content=\"2026-03-22T11:42:20+00:00\" \/>\n<meta property=\"og:image\" content=\"https:\/\/cazaworld.com\/venta-de-entradas-cinegetica\/wp-content\/uploads\/2026\/02\/Logo-Cinegetica-y-SCI-Unidos-por-la-Conservacion.png\" \/>\n\t<meta property=\"og:image:width\" content=\"1088\" \/>\n\t<meta property=\"og:image:height\" content=\"680\" \/>\n\t<meta property=\"og:image:type\" content=\"image\/png\" \/>\n<meta name=\"twitter:card\" content=\"summary_large_image\" \/>\n<meta name=\"twitter:site\" content=\"@Cazaworld\" \/>\n<script type=\"application\/ld+json\" class=\"yoast-schema-graph\">{\"@context\":\"https:\/\/schema.org\",\"@graph\":[{\"@type\":\"WebPage\",\"@id\":\"https:\/\/cazaworld.com\/venta-de-entradas-cinegetica\/entradas\/entradas-cinegetica-2026\/\",\"url\":\"https:\/\/cazaworld.com\/venta-de-entradas-cinegetica\/entradas\/entradas-cinegetica-2026\/\",\"name\":\"Entradas Cineg\u00e9tica 2026 - Venta de entradas Cineg\u00e9tica\",\"isPartOf\":{\"@id\":\"https:\/\/cazaworld.com\/venta-de-entradas-cinegetica\/#website\"},\"primaryImageOfPage\":{\"@id\":\"https:\/\/cazaworld.com\/venta-de-entradas-cinegetica\/entradas\/entradas-cinegetica-2026\/#primaryimage\"},\"image\":{\"@id\":\"https:\/\/cazaworld.com\/venta-de-entradas-cinegetica\/entradas\/entradas-cinegetica-2026\/#primaryimage\"},\"thumbnailUrl\":\"https:\/\/cazaworld.com\/venta-de-entradas-cinegetica\/wp-content\/uploads\/2026\/02\/Logo-Cinegetica-y-SCI-Unidos-por-la-Conservacion.png\",\"datePublished\":\"2026-02-05T23:07:04+00:00\",\"dateModified\":\"2026-03-22T11:42:20+00:00\",\"breadcrumb\":{\"@id\":\"https:\/\/cazaworld.com\/venta-de-entradas-cinegetica\/entradas\/entradas-cinegetica-2026\/#breadcrumb\"},\"inLanguage\":\"es\",\"potentialAction\":[{\"@type\":\"ReadAction\",\"target\":[\"https:\/\/cazaworld.com\/venta-de-entradas-cinegetica\/entradas\/entradas-cinegetica-2026\/\"]}]},{\"@type\":\"ImageObject\",\"inLanguage\":\"es\",\"@id\":\"https:\/\/cazaworld.com\/venta-de-entradas-cinegetica\/entradas\/entradas-cinegetica-2026\/#primaryimage\",\"url\":\"https:\/\/cazaworld.com\/venta-de-entradas-cinegetica\/wp-content\/uploads\/2026\/02\/Logo-Cinegetica-y-SCI-Unidos-por-la-Conservacion.png\",\"contentUrl\":\"https:\/\/cazaworld.com\/venta-de-entradas-cinegetica\/wp-content\/uploads\/2026\/02\/Logo-Cinegetica-y-SCI-Unidos-por-la-Conservacion.png\",\"width\":1088,\"height\":680},{\"@type\":\"BreadcrumbList\",\"@id\":\"https:\/\/cazaworld.com\/venta-de-entradas-cinegetica\/entradas\/entradas-cinegetica-2026\/#breadcrumb\",\"itemListElement\":[{\"@type\":\"ListItem\",\"position\":1,\"name\":\"Portada\",\"item\":\"https:\/\/cazaworld.com\/venta-de-entradas-cinegetica\/\"},{\"@type\":\"ListItem\",\"position\":2,\"name\":\"Inicio\",\"item\":\"https:\/\/cazaworld.com\/venta-de-entradas-cinegetica\/tienda\/\"},{\"@type\":\"ListItem\",\"position\":3,\"name\":\"Entradas Cineg\u00e9tica 2026\"}]},{\"@type\":\"WebSite\",\"@id\":\"https:\/\/cazaworld.com\/venta-de-entradas-cinegetica\/#website\",\"url\":\"https:\/\/cazaworld.com\/venta-de-entradas-cinegetica\/\",\"name\":\"Venta de entradas Cineg\u00e9tica\",\"description\":\"Venta de entradas Cineg\u00e9tica\",\"publisher\":{\"@id\":\"https:\/\/cazaworld.com\/venta-de-entradas-cinegetica\/#organization\"},\"potentialAction\":[{\"@type\":\"SearchAction\",\"target\":{\"@type\":\"EntryPoint\",\"urlTemplate\":\"https:\/\/cazaworld.com\/venta-de-entradas-cinegetica\/?s={search_term_string}\"},\"query-input\":{\"@type\":\"PropertyValueSpecification\",\"valueRequired\":true,\"valueName\":\"search_term_string\"}}],\"inLanguage\":\"es\"},{\"@type\":\"Organization\",\"@id\":\"https:\/\/cazaworld.com\/venta-de-entradas-cinegetica\/#organization\",\"name\":\"Ibermedia Worldwide SL\",\"url\":\"https:\/\/cazaworld.com\/venta-de-entradas-cinegetica\/\",\"logo\":{\"@type\":\"ImageObject\",\"inLanguage\":\"es\",\"@id\":\"https:\/\/cazaworld.com\/venta-de-entradas-cinegetica\/#\/schema\/logo\/image\/\",\"url\":\"https:\/\/cazaworld.com\/venta-de-entradas-cinegetica\/wp-content\/uploads\/2021\/05\/cropped-Logo-CAZAWORLD-cabecera.jpg\",\"contentUrl\":\"https:\/\/cazaworld.com\/venta-de-entradas-cinegetica\/wp-content\/uploads\/2021\/05\/cropped-Logo-CAZAWORLD-cabecera.jpg\",\"width\":350,\"height\":94,\"caption\":\"Ibermedia Worldwide SL\"},\"image\":{\"@id\":\"https:\/\/cazaworld.com\/venta-de-entradas-cinegetica\/#\/schema\/logo\/image\/\"},\"sameAs\":[\"https:\/\/www.facebook.com\/cazaworld\",\"https:\/\/x.com\/Cazaworld\",\"https:\/\/www.instagram.com\/cazaworld\/\",\"https:\/\/www.youtube.com\/user\/CazaworldTV\"]}]}<\/script>\n<!-- \/ Yoast SEO plugin. -->","yoast_head_json":{"title":"Entradas Cineg\u00e9tica 2026 - Venta de entradas Cineg\u00e9tica","robots":{"index":"index","follow":"follow","max-snippet":"max-snippet:-1","max-image-preview":"max-image-preview:large","max-video-preview":"max-video-preview:-1"},"canonical":"https:\/\/cazaworld.com\/venta-de-entradas-cinegetica\/entradas\/entradas-cinegetica-2026\/","og_locale":"es_ES","og_type":"article","og_title":"Entradas Cineg\u00e9tica 2026 - Venta de entradas Cineg\u00e9tica","og_description":"Entrada general para Cineg\u00e9tica + SCI 2026 Unidos por la conservaci\u00f3n.\u00a0 19, 20, 21 y 22 de marzo de 2026 en el pabell\u00f3n 4 de IFEMA. La entrada permite el acceso a 1 persona durante 1 d\u00eda del certamen.","og_url":"https:\/\/cazaworld.com\/venta-de-entradas-cinegetica\/entradas\/entradas-cinegetica-2026\/","og_site_name":"Venta de entradas Cineg\u00e9tica","article_publisher":"https:\/\/www.facebook.com\/cazaworld","article_modified_time":"2026-03-22T11:42:20+00:00","og_image":[{"width":1088,"height":680,"url":"https:\/\/cazaworld.com\/venta-de-entradas-cinegetica\/wp-content\/uploads\/2026\/02\/Logo-Cinegetica-y-SCI-Unidos-por-la-Conservacion.png","type":"image\/png"}],"twitter_card":"summary_large_image","twitter_site":"@Cazaworld","schema":{"@context":"https:\/\/schema.org","@graph":[{"@type":"WebPage","@id":"https:\/\/cazaworld.com\/venta-de-entradas-cinegetica\/entradas\/entradas-cinegetica-2026\/","url":"https:\/\/cazaworld.com\/venta-de-entradas-cinegetica\/entradas\/entradas-cinegetica-2026\/","name":"Entradas Cineg\u00e9tica 2026 - Venta de entradas Cineg\u00e9tica","isPartOf":{"@id":"https:\/\/cazaworld.com\/venta-de-entradas-cinegetica\/#website"},"primaryImageOfPage":{"@id":"https:\/\/cazaworld.com\/venta-de-entradas-cinegetica\/entradas\/entradas-cinegetica-2026\/#primaryimage"},"image":{"@id":"https:\/\/cazaworld.com\/venta-de-entradas-cinegetica\/entradas\/entradas-cinegetica-2026\/#primaryimage"},"thumbnailUrl":"https:\/\/cazaworld.com\/venta-de-entradas-cinegetica\/wp-content\/uploads\/2026\/02\/Logo-Cinegetica-y-SCI-Unidos-por-la-Conservacion.png","datePublished":"2026-02-05T23:07:04+00:00","dateModified":"2026-03-22T11:42:20+00:00","breadcrumb":{"@id":"https:\/\/cazaworld.com\/venta-de-entradas-cinegetica\/entradas\/entradas-cinegetica-2026\/#breadcrumb"},"inLanguage":"es","potentialAction":[{"@type":"ReadAction","target":["https:\/\/cazaworld.com\/venta-de-entradas-cinegetica\/entradas\/entradas-cinegetica-2026\/"]}]},{"@type":"ImageObject","inLanguage":"es","@id":"https:\/\/cazaworld.com\/venta-de-entradas-cinegetica\/entradas\/entradas-cinegetica-2026\/#primaryimage","url":"https:\/\/cazaworld.com\/venta-de-entradas-cinegetica\/wp-content\/uploads\/2026\/02\/Logo-Cinegetica-y-SCI-Unidos-por-la-Conservacion.png","contentUrl":"https:\/\/cazaworld.com\/venta-de-entradas-cinegetica\/wp-content\/uploads\/2026\/02\/Logo-Cinegetica-y-SCI-Unidos-por-la-Conservacion.png","width":1088,"height":680},{"@type":"BreadcrumbList","@id":"https:\/\/cazaworld.com\/venta-de-entradas-cinegetica\/entradas\/entradas-cinegetica-2026\/#breadcrumb","itemListElement":[{"@type":"ListItem","position":1,"name":"Portada","item":"https:\/\/cazaworld.com\/venta-de-entradas-cinegetica\/"},{"@type":"ListItem","position":2,"name":"Inicio","item":"https:\/\/cazaworld.com\/venta-de-entradas-cinegetica\/tienda\/"},{"@type":"ListItem","position":3,"name":"Entradas Cineg\u00e9tica 2026"}]},{"@type":"WebSite","@id":"https:\/\/cazaworld.com\/venta-de-entradas-cinegetica\/#website","url":"https:\/\/cazaworld.com\/venta-de-entradas-cinegetica\/","name":"Venta de entradas Cineg\u00e9tica","description":"Venta de entradas Cineg\u00e9tica","publisher":{"@id":"https:\/\/cazaworld.com\/venta-de-entradas-cinegetica\/#organization"},"potentialAction":[{"@type":"SearchAction","target":{"@type":"EntryPoint","urlTemplate":"https:\/\/cazaworld.com\/venta-de-entradas-cinegetica\/?s={search_term_string}"},"query-input":{"@type":"PropertyValueSpecification","valueRequired":true,"valueName":"search_term_string"}}],"inLanguage":"es"},{"@type":"Organization","@id":"https:\/\/cazaworld.com\/venta-de-entradas-cinegetica\/#organization","name":"Ibermedia Worldwide SL","url":"https:\/\/cazaworld.com\/venta-de-entradas-cinegetica\/","logo":{"@type":"ImageObject","inLanguage":"es","@id":"https:\/\/cazaworld.com\/venta-de-entradas-cinegetica\/#\/schema\/logo\/image\/","url":"https:\/\/cazaworld.com\/venta-de-entradas-cinegetica\/wp-content\/uploads\/2021\/05\/cropped-Logo-CAZAWORLD-cabecera.jpg","contentUrl":"https:\/\/cazaworld.com\/venta-de-entradas-cinegetica\/wp-content\/uploads\/2021\/05\/cropped-Logo-CAZAWORLD-cabecera.jpg","width":350,"height":94,"caption":"Ibermedia Worldwide SL"},"image":{"@id":"https:\/\/cazaworld.com\/venta-de-entradas-cinegetica\/#\/schema\/logo\/image\/"},"sameAs":["https:\/\/www.facebook.com\/cazaworld","https:\/\/x.com\/Cazaworld","https:\/\/www.instagram.com\/cazaworld\/","https:\/\/www.youtube.com\/user\/CazaworldTV"]}]}},"_links":{"self":[{"href":"https:\/\/cazaworld.com\/venta-de-entradas-cinegetica\/wp-json\/wp\/v2\/product\/49353","targetHints":{"allow":["GET"]}}],"collection":[{"href":"https:\/\/cazaworld.com\/venta-de-entradas-cinegetica\/wp-json\/wp\/v2\/product"}],"about":[{"href":"https:\/\/cazaworld.com\/venta-de-entradas-cinegetica\/wp-json\/wp\/v2\/types\/product"}],"wp:featuredmedia":[{"embeddable":true,"href":"https:\/\/cazaworld.com\/venta-de-entradas-cinegetica\/wp-json\/wp\/v2\/media\/49359"}],"wp:attachment":[{"href":"https:\/\/cazaworld.com\/venta-de-entradas-cinegetica\/wp-json\/wp\/v2\/media?parent=49353"}],"wp:term":[{"taxonomy":"product_brand","embeddable":true,"href":"https:\/\/cazaworld.com\/venta-de-entradas-cinegetica\/wp-json\/wp\/v2\/product_brand?post=49353"},{"taxonomy":"product_cat","embeddable":true,"href":"https:\/\/cazaworld.com\/venta-de-entradas-cinegetica\/wp-json\/wp\/v2\/product_cat?post=49353"},{"taxonomy":"product_tag","embeddable":true,"href":"https:\/\/cazaworld.com\/venta-de-entradas-cinegetica\/wp-json\/wp\/v2\/product_tag?post=49353"}],"curies":[{"name":"wp","href":"https:\/\/api.w.org\/{rel}","templated":true}]}}